{"id":3614,"date":"2025-10-13T17:17:40","date_gmt":"2025-10-13T23:22:24","guid":{"rendered":"https:\/\/estudion2.com.br\/?page_id=3614"},"modified":"2026-03-17T13:10:44","modified_gmt":"2026-03-17T16:10:44","slug":"cartaovirtual","status":"publish","type":"page","link":"https:\/\/estudion2.com.br\/es\/cartaovirtual\/","title":{"rendered":"Est\u00fadio N2 &#8211; Cart\u00e3o Virtual"},"content":{"rendered":"<div class=\"wp-block-stackable-spacer stk-block-spacer stk--no-padding stk-block stk-0bb74ab\" data-block-id=\"0bb74ab\"><style>.stk-0bb74ab {height:100px !important;}@media screen and (max-width:999px){.stk-0bb74ab {height:70px !important;}}<\/style><\/div>\n\n\n\n<div class=\"wp-block-stackable-columns stk-block-columns stk-block stk-984cf83\" data-block-id=\"984cf83\"><div class=\"stk-row stk-inner-blocks stk-block-content stk-content-align stk-984cf83-column\">\n<div class=\"wp-block-stackable-column stk-block-column stk-column stk-block stk-ce897fc\" data-v=\"4\" data-block-id=\"ce897fc\"><div class=\"stk-column-wrapper stk-block-column__content stk-container stk-ce897fc-container stk--no-background stk--no-padding\"><div class=\"stk-block-content stk-inner-blocks stk-ce897fc-inner-blocks\"><\/div><\/div><\/div>\n\n\n\n<div class=\"wp-block-stackable-column stk-block-column stk-column stk-block stk-eaddf5e\" data-v=\"4\" data-block-id=\"eaddf5e\"><div class=\"stk-column-wrapper stk-block-column__content stk-container stk-eaddf5e-container stk--no-background stk--no-padding\"><div class=\"stk-block-content stk-inner-blocks stk-eaddf5e-inner-blocks\">\n<div class=\"wp-block-stackable-image stk-block-image stk-block stk-7c66552\" data-block-id=\"7c66552\"><figure><a class=\"stk-link\" href=\"https:\/\/estudion2.com.br\/es\/\" target=\"_blank\" rel=\"noreferrer noopener\"><span class=\"stk-img-wrapper stk-image--shape-stretch\"><img loading=\"lazy\" decoding=\"async\" class=\"stk-img wp-image-3616\" src=\"https:\/\/estudion2.com.br\/wp-content\/uploads\/2025\/10\/Estudio-N2-Fotografia.svg\" width=\"714\" height=\"181\"\/><\/span><\/a><\/figure><\/div>\n\n\n\n<div class=\"wp-block-stackable-button-group stk-block-button-group stk-block stk-43a28cc\" data-block-id=\"43a28cc\"><style>.stk-43a28cc .stk-block-button, .stk-43a28cc .stk-block-icon-button{flex:1 0 0% !important;}<\/style><div class=\"stk-row stk-inner-blocks has-text-align-center stk-block-content stk-button-group\">\n<div class=\"wp-block-stackable-button stk-block-button stk-block stk-e62f062\" data-block-id=\"e62f062\"><style>.stk-e62f062 .stk-button{background:#0f0e17 !important;}.stk-e62f062 .stk-button:hover:after{background:#000000cc !important;opacity:1 !important;}.stk-e62f062 .stk-button__inner-text{color:var(--theme-palette-color-8, #ffffff) !important;}.stk-e62f062 .stk-button:hover .stk-button__inner-text{color:var(--theme-palette-color-8, #ffffff) !important;}<\/style><a class=\"stk-link stk-button stk--hover-effect-darken\" href=\"https:\/\/api.whatsapp.com\/send\/?phone=5548991843437&amp;text=Ol\u00e1%2C+visitei+o+site+do+Est\u00fadio+N2+e+quero+saber+mais+informa\u00e7\u00f5es.&amp;type=phone_number&amp;app_absent=0\" target=\"_blank\" rel=\"nofollow noreferrer noopener\"><span class=\"has-text-color stk-button__inner-text\">https:\/\/api.whatsapp.com\/send\/?phone=5548991843437&amp;text=HolavilapropuestadelpaqueteEsencialderetratoenestudiodeEstdioN2yquieroreservarunafecha.&amp;type=phone_number&amp;app_absent=0<\/span><\/a><\/div>\n<\/div><\/div>\n\n\n\n<div class=\"wp-block-stackable-button-group stk-block-button-group stk-block stk-99de34d\" data-block-id=\"99de34d\"><style>.stk-99de34d .stk-block-button, .stk-99de34d .stk-block-icon-button{flex:1 0 0% !important;}<\/style><div class=\"stk-row stk-inner-blocks has-text-align-center stk-block-content stk-button-group\">\n<div class=\"wp-block-stackable-button stk-block-button stk-block stk-541ac1e\" data-block-id=\"541ac1e\"><style>.stk-541ac1e .stk-button{background:#0f0e17 !important;}.stk-541ac1e .stk-button:hover:after{background:#000000cc !important;opacity:1 !important;}.stk-541ac1e .stk-button__inner-text{color:var(--theme-palette-color-8, #ffffff) !important;}.stk-541ac1e .stk-button:hover .stk-button__inner-text{color:var(--theme-palette-color-8, #ffffff) !important;}<\/style><a class=\"stk-link stk-button stk--hover-effect-darken\" href=\"https:\/\/estudion2.com.br\/es\/\" target=\"_blank\" rel=\"noreferrer noopener\"><span class=\"has-text-color stk-button__inner-text\">www.estudion2.com.br<\/span><\/a><\/div>\n<\/div><\/div>\n\n\n\n<div class=\"wp-block-stackable-button-group stk-block-button-group stk-block stk-de1b706\" data-block-id=\"de1b706\"><style>.stk-de1b706 .stk-block-button, .stk-de1b706 .stk-block-icon-button{flex:1 0 0% !important;}<\/style><div class=\"stk-row stk-inner-blocks has-text-align-center stk-block-content stk-button-group\">\n<div class=\"wp-block-stackable-button stk-block-button stk-block stk-a1dc4d6\" data-block-id=\"a1dc4d6\"><style>.stk-a1dc4d6 .stk-button{background:#0f0e17 !important;}.stk-a1dc4d6 .stk-button:hover:after{background:#000000cc !important;opacity:1 !important;}.stk-a1dc4d6 .stk-button__inner-text{color:var(--theme-palette-color-8, #ffffff) !important;}.stk-a1dc4d6 .stk-button:hover .stk-button__inner-text{color:var(--theme-palette-color-8, #ffffff) !important;}<\/style><a class=\"stk-link stk-button stk--hover-effect-darken\" href=\"https:\/\/fotofloripa.estudion2.com.br\/\" target=\"_blank\" rel=\"noreferrer noopener\"><span class=\"has-text-color stk-button__inner-text\">www.fotofloripa.com.br<\/span><\/a><\/div>\n<\/div><\/div>\n\n\n\n<div class=\"wp-block-stackable-button-group stk-block-button-group stk-block stk-11d76a7\" data-block-id=\"11d76a7\"><style>.stk-11d76a7 .stk-block-button, .stk-11d76a7 .stk-block-icon-button{flex:1 0 0% !important;}<\/style><div class=\"stk-row stk-inner-blocks has-text-align-center stk-block-content stk-button-group\">\n<div class=\"wp-block-stackable-button stk-block-button stk-block stk-7af0ed6\" data-block-id=\"7af0ed6\"><style>.stk-7af0ed6 .stk-button{background:#0f0e17 !important;}.stk-7af0ed6 .stk-button:hover:after{background:#000000cc !important;opacity:1 !important;}.stk-7af0ed6 .stk-button__inner-text{color:var(--theme-palette-color-8, #ffffff) !important;}.stk-7af0ed6 .stk-button:hover .stk-button__inner-text{color:var(--theme-palette-color-8, #ffffff) !important;}<\/style><a class=\"stk-link stk-button stk--hover-effect-darken\" href=\"https:\/\/nereusantos.com.br\" target=\"_blank\" rel=\"noreferrer noopener\"><span class=\"has-text-color stk-button__inner-text\">www.nereusantos.com.br<\/span><\/a><\/div>\n<\/div><\/div>\n\n\n\n<div class=\"wp-block-stackable-button-group stk-block-button-group stk-block stk-85e24a3\" data-block-id=\"85e24a3\"><style>.stk-85e24a3 .stk-block-button, .stk-85e24a3 .stk-block-icon-button{flex:1 0 0% !important;}<\/style><div class=\"stk-row stk-inner-blocks has-text-align-center stk-block-content stk-button-group\">\n<div class=\"wp-block-stackable-button stk-block-button stk-block stk-f65ceef\" data-block-id=\"f65ceef\"><style>.stk-f65ceef .stk-button{background:#0f0e17 !important;}.stk-f65ceef .stk-button:hover:after{background:#000000cc !important;opacity:1 !important;}.stk-f65ceef .stk-button__inner-text{color:var(--theme-palette-color-8, #ffffff) !important;}.stk-f65ceef .stk-button:hover .stk-button__inner-text{color:var(--theme-palette-color-8, #ffffff) !important;}<\/style><a class=\"stk-link stk-button stk--hover-effect-darken\" href=\"https:\/\/niqueliortolan.com.br\" target=\"_blank\" rel=\"noreferrer noopener\"><span class=\"has-text-color stk-button__inner-text\">www.niqueliortolan.com.br<\/span><\/a><\/div>\n<\/div><\/div>\n\n\n\n<div class=\"wp-block-stackable-button-group stk-block-button-group stk-block stk-d2874b5\" data-block-id=\"d2874b5\"><style>.stk-d2874b5 .stk-block-button, .stk-d2874b5 .stk-block-icon-button{flex:1 0 0% !important;}<\/style><div class=\"stk-row stk-inner-blocks has-text-align-center stk-block-content stk-button-group\">\n<div class=\"wp-block-stackable-button stk-block-button stk-block stk-48186b0\" data-block-id=\"48186b0\"><style>.stk-48186b0 .stk-button{background:#0f0e17 !important;}.stk-48186b0 .stk-button:hover:after{background:#000000cc !important;opacity:1 !important;}.stk-48186b0 .stk-button__inner-text{color:var(--theme-palette-color-8, #ffffff) !important;}.stk-48186b0 .stk-button:hover .stk-button__inner-text{color:var(--theme-palette-color-8, #ffffff) !important;}<\/style><a class=\"stk-link stk-button stk--hover-effect-darken\" href=\"https:\/\/maps.app.goo.gl\/nPG5tQwjSrkb6hbk9\" target=\"_blank\" rel=\"nofollow noreferrer noopener\"><span class=\"has-text-color stk-button__inner-text\">Canasvieiras, Floriann\u00f3polis, SC<\/span><\/a><\/div>\n<\/div><\/div>\n\n\n\n<div class=\"wp-block-stackable-button-group stk-block-button-group stk-block stk-80d737a\" data-block-id=\"80d737a\"><style>.stk-80d737a .stk-inner-blocks{column-gap:0px !important;}<\/style><div class=\"stk-row stk-inner-blocks has-text-align-center stk-block-content stk-button-group\">\n<div class=\"wp-block-stackable-icon-button stk-block-icon-button stk-block stk-91408e9\" data-block-id=\"91408e9\"><style>.stk-91408e9 .stk-button{background:#00000000 !important;}.stk-91408e9 .stk-button .stk--inner-svg svg:last-child{height:35px !important;width:35px !important;opacity:1 !important;}.stk-91408e9 .stk-button .stk--inner-svg svg:last-child, .stk-91408e9 .stk-button .stk--inner-svg svg:last-child :is(g, path, rect, polygon, ellipse){fill:#0f0e17 !important;}<\/style><a class=\"stk-link stk-button stk--hover-effect-darken\" href=\"https:\/\/api.whatsapp.com\/send\/?phone=5548991843437&amp;text=Ol\u00e1%2C+visitei+o+site+do+Est\u00fadio+N2+e+quero+saber+mais+informa\u00e7\u00f5es.&amp;type=phone_number&amp;app_absent=0\" target=\"_blank\" rel=\"nofollow noreferrer noopener\"><span class=\"stk--svg-wrapper\"><div class=\"stk--inner-svg\"><svg xmlns=\"http:\/\/www.w3.org\/2000\/svg\" viewbox=\"0 0 448 512\" aria-hidden=\"true\" width=\"32\" height=\"32\"><path d=\"M92.1 254.6c0 24.9 7 49.2 20.2 70.1l3.1 5-13.3 48.6L152 365.2l4.8 2.9c20.2 12 43.4 18.4 67.1 18.4h.1c72.6 0 133.3-59.1 133.3-131.8c0-35.2-15.2-68.3-40.1-93.2c-25-25-58-38.7-93.2-38.7c-72.7 0-131.8 59.1-131.9 131.8zM274.8 330c-12.6 1.9-22.4 .9-47.5-9.9c-36.8-15.9-61.8-51.5-66.9-58.7c-.4-.6-.7-.9-.8-1.1c-2-2.6-16.2-21.5-16.2-41c0-18.4 9-27.9 13.2-32.3c.3-.3 .5-.5 .7-.8c3.6-4 7.9-5 10.6-5c2.6 0 5.3 0 7.6 .1c.3 0 .5 0 .8 0c2.3 0 5.2 0 8.1 6.8c1.2 2.9 3 7.3 4.9 11.8c3.3 8 6.7 16.3 7.3 17.6c1 2 1.7 4.3 .3 6.9c-3.4 6.8-6.9 10.4-9.3 13c-3.1 3.2-4.5 4.7-2.3 8.6c15.3 26.3 30.6 35.4 53.9 47.1c4 2 6.3 1.7 8.6-1c2.3-2.6 9.9-11.6 12.5-15.5c2.6-4 5.3-3.3 8.9-2s23.1 10.9 27.1 12.9c.8 .4 1.5 .7 2.1 1c2.8 1.4 4.7 2.3 5.5 3.6c.9 1.9 .9 9.9-2.4 19.1c-3.3 9.3-19.1 17.7-26.7 18.8zM448 96c0-35.3-28.7-64-64-64H64C28.7 32 0 60.7 0 96V416c0 35.3 28.7 64 64 64H384c35.3 0 64-28.7 64-64V96zM148.1 393.9L64 416l22.5-82.2c-13.9-24-21.2-51.3-21.2-79.3C65.4 167.1 136.5 96 223.9 96c42.4 0 82.2 16.5 112.2 46.5c29.9 30 47.9 69.8 47.9 112.2c0 87.4-72.7 158.5-160.1 158.5c-26.6 0-52.7-6.7-75.8-19.3z\"\/><\/svg><\/div><\/span><\/a><\/div>\n\n\n\n<div class=\"wp-block-stackable-icon-button stk-block-icon-button stk-block stk-d2f756a\" data-block-id=\"d2f756a\"><style>.stk-d2f756a .stk-button{background:#00000000 !important;}.stk-d2f756a .stk-button .stk--inner-svg svg:last-child{height:35px !important;width:35px !important;opacity:1 !important;}.stk-d2f756a .stk-button .stk--inner-svg svg:last-child, .stk-d2f756a .stk-button .stk--inner-svg svg:last-child :is(g, path, rect, polygon, ellipse){fill:#0f0e17 !important;}<\/style><a class=\"stk-link stk-button stk--hover-effect-darken\" href=\"mailto:fotografia@estudion2.com.br\" target=\"_blank\" rel=\"nofollow noreferrer noopener\"><span class=\"stk--svg-wrapper\"><div class=\"stk--inner-svg\"><svg xmlns=\"http:\/\/www.w3.org\/2000\/svg\" viewbox=\"0 0 512 512\" aria-hidden=\"true\" width=\"32\" height=\"32\"><path d=\"M48 64C21.5 64 0 85.5 0 112c0 15.1 7.1 29.3 19.2 38.4L236.8 313.6c11.4 8.5 27 8.5 38.4 0L492.8 150.4c12.1-9.1 19.2-23.3 19.2-38.4c0-26.5-21.5-48-48-48H48zM0 176V384c0 35.3 28.7 64 64 64H448c35.3 0 64-28.7 64-64V176L294.4 339.2c-22.8 17.1-54 17.1-76.8 0L0 176z\"\/><\/svg><\/div><\/span><\/a><\/div>\n\n\n\n<div class=\"wp-block-stackable-icon-button stk-block-icon-button stk-block stk-662be2d\" data-block-id=\"662be2d\"><style>.stk-662be2d .stk-button{background:#00000000 !important;}.stk-662be2d .stk-button .stk--inner-svg svg:last-child{height:35px !important;width:35px !important;opacity:1 !important;}.stk-662be2d .stk-button .stk--inner-svg svg:last-child, .stk-662be2d .stk-button .stk--inner-svg svg:last-child :is(g, path, rect, polygon, ellipse){fill:#0f0e17 !important;}<\/style><a class=\"stk-link stk-button stk--hover-effect-darken\" href=\"https:\/\/estudion2.com.br\/es\/\" target=\"_blank\" rel=\"noreferrer noopener\"><span class=\"stk--svg-wrapper\"><div class=\"stk--inner-svg\"><svg xmlns=\"http:\/\/www.w3.org\/2000\/svg\" viewbox=\"0 0 512 512\" aria-hidden=\"true\" width=\"32\" height=\"32\"><path d=\"M61.7 169.4l101.5 278C92.2 413 43.3 340.2 43.3 256c0-30.9 6.6-60.1 18.4-86.6zm337.9 75.9c0-26.3-9.4-44.5-17.5-58.7-10.8-17.5-20.9-32.4-20.9-49.9 0-19.6 14.8-37.8 35.7-37.8.9 0 1.8.1 2.8.2-37.9-34.7-88.3-55.9-143.7-55.9-74.3 0-139.7 38.1-177.8 95.9 5 .2 9.7.3 13.7.3 22.2 0 56.7-2.7 56.7-2.7 11.5-.7 12.8 16.2 1.4 17.5 0 0-11.5 1.3-24.3 2l77.5 230.4L249.8 247l-33.1-90.8c-11.5-.7-22.3-2-22.3-2-11.5-.7-10.1-18.2 1.3-17.5 0 0 35.1 2.7 56 2.7 22.2 0 56.7-2.7 56.7-2.7 11.5-.7 12.8 16.2 1.4 17.5 0 0-11.5 1.3-24.3 2l76.9 228.7 21.2-70.9c9-29.4 16-50.5 16-68.7zm-139.9 29.3l-63.8 185.5c19.1 5.6 39.2 8.7 60.1 8.7 24.8 0 48.5-4.3 70.6-12.1-.6-.9-1.1-1.9-1.5-2.9l-65.4-179.2zm183-120.7c.9 6.8 1.4 14 1.4 21.9 0 21.6-4 45.8-16.2 76.2l-65 187.9C426.2 403 468.7 334.5 468.7 256c0-37-9.4-71.8-26-102.1zM504 256c0 136.8-111.3 248-248 248C119.2 504 8 392.7 8 256 8 119.2 119.2 8 256 8c136.7 0 248 111.2 248 248zm-11.4 0c0-130.5-106.2-236.6-236.6-236.6C125.5 19.4 19.4 125.5 19.4 256S125.6 492.6 256 492.6c130.5 0 236.6-106.1 236.6-236.6z\"\/><\/svg><\/div><\/span><\/a><\/div>\n\n\n\n<div class=\"wp-block-stackable-icon-button stk-block-icon-button stk-block stk-32c474f\" data-block-id=\"32c474f\"><style>.stk-32c474f .stk-button{background:#00000000 !important;}.stk-32c474f .stk-button .stk--inner-svg svg:last-child{height:35px !important;width:35px !important;opacity:1 !important;}.stk-32c474f .stk-button .stk--inner-svg svg:last-child, .stk-32c474f .stk-button .stk--inner-svg svg:last-child :is(g, path, rect, polygon, ellipse){fill:#0f0e17 !important;}<\/style><a class=\"stk-link stk-button stk--hover-effect-darken\" href=\"https:\/\/www.instagram.com\/estudion2fotografia\" target=\"_blank\" rel=\"nofollow noreferrer noopener\"><span class=\"stk--svg-wrapper\"><div class=\"stk--inner-svg\"><svg xmlns=\"http:\/\/www.w3.org\/2000\/svg\" viewbox=\"0 0 448 512\" aria-hidden=\"true\" width=\"32\" height=\"32\"><path d=\"M194.4 211.7a53.3 53.3 0 1 0 59.3 88.7 53.3 53.3 0 1 0 -59.3-88.7zm142.3-68.4c-5.2-5.2-11.5-9.3-18.4-12c-18.1-7.1-57.6-6.8-83.1-6.5c-4.1 0-7.9 .1-11.2 .1c-3.3 0-7.2 0-11.4-.1c-25.5-.3-64.8-.7-82.9 6.5c-6.9 2.7-13.1 6.8-18.4 12s-9.3 11.5-12 18.4c-7.1 18.1-6.7 57.7-6.5 83.2c0 4.1 .1 7.9 .1 11.1s0 7-.1 11.1c-.2 25.5-.6 65.1 6.5 83.2c2.7 6.9 6.8 13.1 12 18.4s11.5 9.3 18.4 12c18.1 7.1 57.6 6.8 83.1 6.5c4.1 0 7.9-.1 11.2-.1c3.3 0 7.2 0 11.4 .1c25.5 .3 64.8 .7 82.9-6.5c6.9-2.7 13.1-6.8 18.4-12s9.3-11.5 12-18.4c7.2-18 6.8-57.4 6.5-83c0-4.2-.1-8.1-.1-11.4s0-7.1 .1-11.4c.3-25.5 .7-64.9-6.5-83l0 0c-2.7-6.9-6.8-13.1-12-18.4zm-67.1 44.5A82 82 0 1 1 178.4 324.2a82 82 0 1 1 91.1-136.4zm29.2-1.3c-3.1-2.1-5.6-5.1-7.1-8.6s-1.8-7.3-1.1-11.1s2.6-7.1 5.2-9.8s6.1-4.5 9.8-5.2s7.6-.4 11.1 1.1s6.5 3.9 8.6 7s3.2 6.8 3.2 10.6c0 2.5-.5 5-1.4 7.3s-2.4 4.4-4.1 6.2s-3.9 3.2-6.2 4.2s-4.8 1.5-7.3 1.5l0 0c-3.8 0-7.5-1.1-10.6-3.2zM448 96c0-35.3-28.7-64-64-64H64C28.7 32 0 60.7 0 96V416c0 35.3 28.7 64 64 64H384c35.3 0 64-28.7 64-64V96zM357 389c-18.7 18.7-41.4 24.6-67 25.9c-26.4 1.5-105.6 1.5-132 0c-25.6-1.3-48.3-7.2-67-25.9s-24.6-41.4-25.8-67c-1.5-26.4-1.5-105.6 0-132c1.3-25.6 7.1-48.3 25.8-67s41.5-24.6 67-25.8c26.4-1.5 105.6-1.5 132 0c25.6 1.3 48.3 7.1 67 25.8s24.6 41.4 25.8 67c1.5 26.3 1.5 105.4 0 131.9c-1.3 25.6-7.1 48.3-25.8 67z\"\/><\/svg><\/div><\/span><\/a><\/div>\n\n\n\n<div class=\"wp-block-stackable-icon-button stk-block-icon-button stk-block stk-da16ea2\" data-block-id=\"da16ea2\"><style>.stk-da16ea2 .stk-button{background:#00000000 !important;}.stk-da16ea2 .stk-button .stk--inner-svg svg:last-child{height:35px !important;width:35px !important;opacity:1 !important;}.stk-da16ea2 .stk-button .stk--inner-svg svg:last-child, .stk-da16ea2 .stk-button .stk--inner-svg svg:last-child :is(g, path, rect, polygon, ellipse){fill:#0f0e17 !important;}<\/style><a class=\"stk-link stk-button stk--hover-effect-darken\" href=\"https:\/\/www.facebook.com\/estudion2fotografia\" target=\"_blank\" rel=\"nofollow noreferrer noopener\"><span class=\"stk--svg-wrapper\"><div class=\"stk--inner-svg\"><svg xmlns=\"http:\/\/www.w3.org\/2000\/svg\" viewbox=\"0 0 512 512\" aria-hidden=\"true\" width=\"32\" height=\"32\"><path d=\"M512 256C512 114.6 397.4 0 256 0S0 114.6 0 256C0 376 82.7 476.8 194.2 504.5V334.2H141.4V256h52.8V222.3c0-87.1 39.4-127.5 125-127.5c16.2 0 44.2 3.2 55.7 6.4V172c-6-.6-16.5-1-29.6-1c-42 0-58.2 15.9-58.2 57.2V256h83.6l-14.4 78.2H287V510.1C413.8 494.8 512 386.9 512 256h0z\"\/><\/svg><\/div><\/span><\/a><\/div>\n\n\n\n<div class=\"wp-block-stackable-icon-button stk-block-icon-button stk-block stk-6185b38\" data-block-id=\"6185b38\"><style>.stk-6185b38 .stk-button{background:#00000000 !important;}.stk-6185b38 .stk-button .stk--inner-svg svg:last-child{height:35px !important;width:35px !important;opacity:1 !important;}.stk-6185b38 .stk-button .stk--inner-svg svg:last-child, .stk-6185b38 .stk-button .stk--inner-svg svg:last-child :is(g, path, rect, polygon, ellipse){fill:#0f0e17 !important;}<\/style><a class=\"stk-link stk-button stk--hover-effect-darken\" href=\"https:\/\/www.tiktok.com\/@estudion2fotografia\" target=\"_blank\" rel=\"nofollow noreferrer noopener\"><span class=\"stk--svg-wrapper\"><div class=\"stk--inner-svg\"><svg xmlns=\"http:\/\/www.w3.org\/2000\/svg\" viewbox=\"0 0 448 512\" aria-hidden=\"true\" width=\"32\" height=\"32\"><path d=\"M448,209.91a210.06,210.06,0,0,1-122.77-39.25V349.38A162.55,162.55,0,1,1,185,188.31V278.2a74.62,74.62,0,1,0,52.23,71.18V0l88,0a121.18,121.18,0,0,0,1.86,22.17h0A122.18,122.18,0,0,0,381,102.39a121.43,121.43,0,0,0,67,20.14Z\"\/><\/svg><\/div><\/span><\/a><\/div>\n\n\n\n<div class=\"wp-block-stackable-icon-button stk-block-icon-button stk-block stk-b078ecc\" data-block-id=\"b078ecc\"><style>.stk-b078ecc .stk-button{background:#00000000 !important;}.stk-b078ecc .stk-button .stk--inner-svg svg:last-child{height:35px !important;width:35px !important;opacity:1 !important;}.stk-b078ecc .stk-button .stk--inner-svg svg:last-child, .stk-b078ecc .stk-button .stk--inner-svg svg:last-child :is(g, path, rect, polygon, ellipse){fill:#0f0e17 !important;}<\/style><a class=\"stk-link stk-button stk--hover-effect-darken\" href=\"https:\/\/maps.app.goo.gl\/jHkTSCVsDQrMC7ro7\" target=\"_blank\" rel=\"nofollow noreferrer noopener\"><span class=\"stk--svg-wrapper\"><div class=\"stk--inner-svg\"><svg xmlns=\"http:\/\/www.w3.org\/2000\/svg\" viewbox=\"0 0 384 512\" aria-hidden=\"true\" width=\"32\" height=\"32\"><path d=\"M215.7 499.2C267 435 384 279.4 384 192C384 86 298 0 192 0S0 86 0 192c0 87.4 117 243 168.3 307.2c12.3 15.3 35.1 15.3 47.4 0zM192 128a64 64 0 1 1 0 128 64 64 0 1 1 0-128z\"\/><\/svg><\/div><\/span><\/a><\/div>\n<\/div><\/div>\n<\/div><\/div><\/div>\n\n\n\n<div class=\"wp-block-stackable-column stk-block-column stk-column stk-block stk-2b1293b\" data-v=\"4\" data-block-id=\"2b1293b\"><div class=\"stk-column-wrapper stk-block-column__content stk-container stk-2b1293b-container stk--no-background stk--no-padding\"><div class=\"stk-block-content stk-inner-blocks stk-2b1293b-inner-blocks\"><\/div><\/div><\/div>\n<\/div><\/div>\n\n\n\n<div class=\"wp-block-stackable-spacer stk-block-spacer stk--no-padding stk-block stk-0c8427a\" data-block-id=\"0c8427a\"><style>.stk-0c8427a {height:100px !important;}@media screen and (max-width:999px){.stk-0c8427a {height:70px !important;}}<\/style><\/div>","protected":false},"excerpt":{"rendered":"<p>WhatsApp www.estudion2.com.br www.fotofloripa.com.br www.nereusantos.com.br www.niqueliortolan.com.br Canasvieiras, Floriann\u00f3polis, SC<\/p>","protected":false},"author":1,"featured_media":0,"parent":0,"menu_order":8,"comment_status":"closed","ping_status":"closed","template":"","meta":{"footnotes":""},"class_list":["post-3614","page","type-page","status-publish","hentry"],"blocksy_meta":{"page_title_panel":"","has_hero_section":"disabled","38c43f55e0a106f2cec06c7b48b05c0c":"","hero_section":"type-1","hero_elements":[{"id":"custom_title","enabled":true,"heading_tag":"h1","title":"Home"},{"id":"custom_description","enabled":true,"description_visibility":{"desktop":true,"tablet":true,"mobile":false}},{"id":"custom_meta","enabled":false,"meta_elements":[{"id":"author","enabled":true,"label":"By","has_author_avatar":"yes","avatar_size":25},{"id":"post_date","enabled":true,"label":"On","date_format_source":"default","date_format":"M j, Y"},{"id":"updated_date","enabled":false,"label":"On","date_format_source":"default","date_format":"M j, Y"},{"id":"categories","enabled":false,"label":"In","style":"simple"},{"id":"comments","enabled":true}],"page_meta_elements":{"joined":true,"articles_count":true,"comments":true}},{"id":"breadcrumbs","enabled":false}],"bb192f02133ce16ebe1ccca3234ec8ca":"","hero_alignment1":"CT_CSS_SKIP_RULE","hero_margin":40,"hero_alignment2":"center","hero_vertical_alignment":"center","a40283cb647174cb7b947f97142b28a2":"","hero_structure":"narrow","6a9fbbb6d7cc25749d3953948588abf2":"","page_title_bg_type":"featured_image","custom_hero_background":{"attachment_id":null},"parallax":{"desktop":false,"tablet":false,"mobile":false},"d0af0dbf3561e32bb110fb12cbde1435":"","hero_height":"250px","pageTitleFont":{"family":"Default","variation":"Default","size":"30px","line-height":"CT_CSS_SKIP_RULE","letter-spacing":"CT_CSS_SKIP_RULE","text-transform":"CT_CSS_SKIP_RULE","text-decoration":"CT_CSS_SKIP_RULE"},"pageTitleFontColor":{"default":{"color":"CT_CSS_SKIP_RULEDEFAULT"}},"pageMetaFont":{"family":"Default","variation":"n6","size":"12px","line-height":"1.3","letter-spacing":"CT_CSS_SKIP_RULE","text-transform":"uppercase","text-decoration":"CT_CSS_SKIP_RULE"},"pageMetaFontColor":{"default":{"color":"CT_CSS_SKIP_RULEDEFAULT"},"hover":{"color":"CT_CSS_SKIP_RULEDEFAULT"}},"page_meta_button_type_font_colors":{"default":{"color":"CT_CSS_SKIP_RULEDEFAULT"},"hover":{"color":"CT_CSS_SKIP_RULEDEFAULT"}},"page_meta_button_type_background_colors":{"default":{"color":"CT_CSS_SKIP_RULEDEFAULT"},"hover":{"color":"CT_CSS_SKIP_RULEDEFAULT"}},"pageExcerptFont":{"family":"Default","variation":"Default","size":"CT_CSS_SKIP_RULE","line-height":"CT_CSS_SKIP_RULE","letter-spacing":"CT_CSS_SKIP_RULE","text-transform":"CT_CSS_SKIP_RULE","text-decoration":"CT_CSS_SKIP_RULE"},"pageExcerptColor":{"default":{"color":"CT_CSS_SKIP_RULEDEFAULT"}},"breadcrumbsFont":{"family":"Default","variation":"Default","size":"CT_CSS_SKIP_RULE","line-height":"CT_CSS_SKIP_RULE","letter-spacing":"CT_CSS_SKIP_RULE","text-transform":"CT_CSS_SKIP_RULE","text-decoration":"CT_CSS_SKIP_RULE"},"breadcrumbsFontColor":{"default":{"color":"CT_CSS_SKIP_RULEDEFAULT"},"initial":{"color":"CT_CSS_SKIP_RULEDEFAULT"},"hover":{"color":"CT_CSS_SKIP_RULEDEFAULT"}},"pageTitleOverlay":{"background_type":"color","background_pattern":"type-1","background_image":{"attachment_id":null,"x":0,"y":0},"gradient":"linear-gradient(135deg,rgba(6,147,227,1) 0%,rgb(155,81,224) 100%)","background_repeat":"repeat","background_size":"auto","background_attachment":"scroll","patternColor":{"default":{"color":"#e5e7ea"}},"overlayColor":{"default":{"color":"CT_CSS_SKIP_RULE"}},"backgroundColor":{"default":{"color":"CT_CSS_SKIP_RULE"}}},"pageTitleBackground":{"background_type":"color","background_pattern":"type-1","background_image":{"attachment_id":null,"x":0,"y":0},"gradient":"linear-gradient(135deg,rgba(6,147,227,1) 0%,rgb(155,81,224) 100%)","background_repeat":"repeat","background_size":"auto","background_attachment":"scroll","patternColor":{"default":{"color":"#e5e7ea"}},"overlayColor":{"default":{"color":"CT_CSS_SKIP_RULE"}},"backgroundColor":{"default":{"color":"var(--theme-palette-color-6)"}}},"pageTitlePadding":{"top":"50px","bottom":"50px","left":"auto","right":"auto","linked":true},"235c5bafcddf850b508a121177fb8bdd":"","page_structure_type":"type-4","9b375d01d481cff83a60ed8670bf6ce8":"","content_style_source":"inherit","content_style":"wide","vertical_spacing_source":"custom","content_area_spacing":"none","background":{"background_type":"color","background_pattern":"type-1","background_image":{"attachment_id":null,"x":0,"y":0},"gradient":"linear-gradient(135deg,rgba(6,147,227,1) 0%,rgb(155,81,224) 100%)","background_repeat":"repeat","background_size":"auto","background_attachment":"scroll","patternColor":{"default":{"color":"#e5e7ea"}},"overlayColor":{"default":{"color":"CT_CSS_SKIP_RULE"}},"backgroundColor":{"default":{"color":"CT_CSS_SKIP_RULE"}}},"content_background":{"background_type":"color","background_pattern":"type-1","background_image":{"attachment_id":null,"x":0,"y":0},"gradient":"linear-gradient(135deg,rgba(6,147,227,1) 0%,rgb(155,81,224) 100%)","background_repeat":"repeat","background_size":"auto","background_attachment":"scroll","patternColor":{"default":{"color":"#e5e7ea"}},"overlayColor":{"default":{"color":"CT_CSS_SKIP_RULE"}},"backgroundColor":{"default":{"color":"var(--theme-palette-color-8)"}}},"content_boxed_shadow":{"inherit":false,"blur":18,"spread":-6,"v_offset":12,"h_offset":0,"inset":false,"enable":true,"color":{"color":"rgba(34, 56, 101, 0.04)"}},"boxed_content_spacing":{"desktop":{"top":"40px","bottom":"40px","left":"40px","right":"40px","linked":true},"tablet":{"top":"35px","bottom":"35px","left":"35px","right":"35px","linked":true},"mobile":{"top":"20px","bottom":"20px","left":"20px","right":"20px","linked":true}},"content_boxed_radius":{"top":"3px","bottom":"3px","left":"3px","right":"3px","linked":true},"046a21f0c823ce2434c800d9e55e5cda":"","disable_featured_image":"no","disable_header":"yes","disable_footer":"yes","styles_descriptor":{"styles":{"desktop":"","tablet":"","mobile":""},"google_fonts":[],"version":6}},"_links":{"self":[{"href":"https:\/\/estudion2.com.br\/es\/wp-json\/wp\/v2\/pages\/3614","targetHints":{"allow":["GET"]}}],"collection":[{"href":"https:\/\/estudion2.com.br\/es\/wp-json\/wp\/v2\/pages"}],"about":[{"href":"https:\/\/estudion2.com.br\/es\/wp-json\/wp\/v2\/types\/page"}],"author":[{"embeddable":true,"href":"https:\/\/estudion2.com.br\/es\/wp-json\/wp\/v2\/users\/1"}],"replies":[{"embeddable":true,"href":"https:\/\/estudion2.com.br\/es\/wp-json\/wp\/v2\/comments?post=3614"}],"version-history":[{"count":9,"href":"https:\/\/estudion2.com.br\/es\/wp-json\/wp\/v2\/pages\/3614\/revisions"}],"predecessor-version":[{"id":5251,"href":"https:\/\/estudion2.com.br\/es\/wp-json\/wp\/v2\/pages\/3614\/revisions\/5251"}],"wp:attachment":[{"href":"https:\/\/estudion2.com.br\/es\/wp-json\/wp\/v2\/media?parent=3614"}],"curies":[{"name":"wp","href":"https:\/\/api.w.org\/{rel}","templated":true}]}}